{"id":149,"date":"2017-09-12T11:02:35","date_gmt":"2017-09-12T11:02:35","guid":{"rendered":"http:\/\/rafaelquino.com\/?page_id=149"},"modified":"2026-03-18T18:06:55","modified_gmt":"2026-03-18T18:06:55","slug":"aluminio-y-pvc-kommerling","status":"publish","type":"page","link":"https:\/\/rafaelquino.com\/?page_id=149","title":{"rendered":"Aluminio y PVC"},"content":{"rendered":"<p><img loading=\"lazy\" decoding=\"async\" class=\"alignnone size-medium wp-image-413 alignleft\" src=\"https:\/\/rafaelquino.com\/wp-content\/uploads\/2026\/03\/WhatsApp-Image-2025-12-12-at-11.52.57-2-300x169.jpeg\" alt=\"\" width=\"300\" height=\"169\" srcset=\"https:\/\/rafaelquino.com\/wp-content\/uploads\/2026\/03\/WhatsApp-Image-2025-12-12-at-11.52.57-2-300x169.jpeg 300w, https:\/\/rafaelquino.com\/wp-content\/uploads\/2026\/03\/WhatsApp-Image-2025-12-12-at-11.52.57-2-1024x576.jpeg 1024w, https:\/\/rafaelquino.com\/wp-content\/uploads\/2026\/03\/WhatsApp-Image-2025-12-12-at-11.52.57-2-768x432.jpeg 768w, https:\/\/rafaelquino.com\/wp-content\/uploads\/2026\/03\/WhatsApp-Image-2025-12-12-at-11.52.57-2-100x56.jpeg 100w, https:\/\/rafaelquino.com\/wp-content\/uploads\/2026\/03\/WhatsApp-Image-2025-12-12-at-11.52.57-2-1536x864.jpeg 1536w, https:\/\/rafaelquino.com\/wp-content\/uploads\/2026\/03\/WhatsApp-Image-2025-12-12-at-11.52.57-2.jpeg 1600w\" sizes=\"auto, (max-width: 300px) 100vw, 300px\" \/><\/p>\n<p style=\"text-align: left;\">Trabajamos tanto con clientes particulares como con empresas. Al disponer de instalaciones adecuadas, con certificados de calidad, somos capaces de adecuarnos ya se trate de proyectos grandes o peque\u00f1os.<\/p>\n<p style=\"text-align: left;\">RAFAEL QUINO, ventanas de alta Eficiencia.<\/p>\n<p style=\"text-align: left;\">Buscando la m\u00e1xima calidad.<\/p>\n<p style=\"text-align: left;\">Buscamos innovaci\u00f3n en el dise\u00f1o y sobre todo el AHORRO ENERG\u00c9TICO.<\/p>\n<p style=\"text-align: left;\">\u00abConsiga que su casa sea un Verdadero Hogar.\u00bb &#8211; Las ventanas son una de las partes m\u00e1s importantes de la vivienda.<\/p>\n","protected":false},"excerpt":{"rendered":"<p>Trabajamos tanto con clientes particulares como con empresas. Al disponer de instalaciones adecuadas, con certificados de calidad, somos capaces de adecuarnos ya se trate de proyectos grandes o peque\u00f1os. RAFAEL QUINO, ventanas de alta Eficiencia. Buscando la m\u00e1xima calidad. Buscamos innovaci\u00f3n en el dise\u00f1o y sobre todo el AHORRO ENERG\u00c9TICO. \u00abConsiga que su casa sea un Verdadero Hogar.\u00bb &#8211; Las ventanas son una de las partes m\u00e1s importantes de la vivienda.<\/p>\n","protected":false},"author":1,"featured_media":0,"parent":0,"menu_order":0,"comment_status":"closed","ping_status":"closed","template":"","meta":{"_uf_show_specific_survey":0,"_uf_disable_surveys":false,"footnotes":""},"class_list":["post-149","page","type-page","status-publish","hentry"],"yoast_head":"<!-- This site is optimized with the Yoast SEO plugin v27.1.1 - https:\/\/yoast.com\/product\/yoast-seo-wordpress\/ -->\n<title>Aluminio y PVC - RAFAELQUINO.COM<\/title>\n<meta name=\"robots\" content=\"index, follow, max-snippet:-1, max-image-preview:large, max-video-preview:-1\" \/>\n<link rel=\"canonical\" href=\"https:\/\/rafaelquino.com\/?page_id=149\" \/>\n<meta property=\"og:locale\" content=\"es_ES\" \/>\n<meta property=\"og:type\" content=\"article\" \/>\n<meta property=\"og:title\" content=\"Aluminio y PVC - RAFAELQUINO.COM\" \/>\n<meta property=\"og:description\" content=\"Trabajamos tanto con clientes particulares como con empresas. Al disponer de instalaciones adecuadas, con certificados de calidad, somos capaces de adecuarnos ya se trate de proyectos grandes o peque\u00f1os. RAFAEL QUINO, ventanas de alta Eficiencia. Buscando la m\u00e1xima calidad. Buscamos innovaci\u00f3n en el dise\u00f1o y sobre todo el AHORRO ENERG\u00c9TICO. \u00abConsiga que su casa sea un Verdadero Hogar.\u00bb &#8211; Las ventanas son una de las partes m\u00e1s importantes de la vivienda.\" \/>\n<meta property=\"og:url\" content=\"https:\/\/rafaelquino.com\/?page_id=149\" \/>\n<meta property=\"og:site_name\" content=\"RAFAELQUINO.COM\" \/>\n<meta property=\"article:publisher\" content=\"https:\/\/www.facebook.com\/rafael.puertasautomaticas\" \/>\n<meta property=\"article:modified_time\" content=\"2026-03-18T18:06:55+00:00\" \/>\n<meta property=\"og:image\" content=\"https:\/\/rafaelquino.com\/wp-content\/uploads\/2026\/03\/WhatsApp-Image-2025-12-12-at-11.52.57-2.jpeg\" \/>\n\t<meta property=\"og:image:width\" content=\"1600\" \/>\n\t<meta property=\"og:image:height\" content=\"900\" \/>\n\t<meta property=\"og:image:type\" content=\"image\/jpeg\" \/>\n<meta name=\"twitter:card\" content=\"summary_large_image\" \/>\n<meta name=\"twitter:label1\" content=\"Tiempo de lectura\" \/>\n\t<meta name=\"twitter:data1\" content=\"1 minuto\" \/>\n<script type=\"application\/ld+json\" class=\"yoast-schema-graph\">{\"@context\":\"https:\/\/schema.org\",\"@graph\":[{\"@type\":\"WebPage\",\"@id\":\"https:\/\/rafaelquino.com\/?page_id=149\",\"url\":\"https:\/\/rafaelquino.com\/?page_id=149\",\"name\":\"Aluminio y PVC - RAFAELQUINO.COM\",\"isPartOf\":{\"@id\":\"https:\/\/rafaelquino.com\/#website\"},\"primaryImageOfPage\":{\"@id\":\"https:\/\/rafaelquino.com\/?page_id=149#primaryimage\"},\"image\":{\"@id\":\"https:\/\/rafaelquino.com\/?page_id=149#primaryimage\"},\"thumbnailUrl\":\"https:\/\/rafaelquino.com\/wp-content\/uploads\/2026\/03\/WhatsApp-Image-2025-12-12-at-11.52.57-2-300x169.jpeg\",\"datePublished\":\"2017-09-12T11:02:35+00:00\",\"dateModified\":\"2026-03-18T18:06:55+00:00\",\"breadcrumb\":{\"@id\":\"https:\/\/rafaelquino.com\/?page_id=149#breadcrumb\"},\"inLanguage\":\"es\",\"potentialAction\":[{\"@type\":\"ReadAction\",\"target\":[\"https:\/\/rafaelquino.com\/?page_id=149\"]}]},{\"@type\":\"ImageObject\",\"inLanguage\":\"es\",\"@id\":\"https:\/\/rafaelquino.com\/?page_id=149#primaryimage\",\"url\":\"https:\/\/rafaelquino.com\/wp-content\/uploads\/2026\/03\/WhatsApp-Image-2025-12-12-at-11.52.57-2.jpeg\",\"contentUrl\":\"https:\/\/rafaelquino.com\/wp-content\/uploads\/2026\/03\/WhatsApp-Image-2025-12-12-at-11.52.57-2.jpeg\",\"width\":1600,\"height\":900},{\"@type\":\"BreadcrumbList\",\"@id\":\"https:\/\/rafaelquino.com\/?page_id=149#breadcrumb\",\"itemListElement\":[{\"@type\":\"ListItem\",\"position\":1,\"name\":\"Portada\",\"item\":\"https:\/\/rafaelquino.com\/\"},{\"@type\":\"ListItem\",\"position\":2,\"name\":\"Aluminio y PVC\"}]},{\"@type\":\"WebSite\",\"@id\":\"https:\/\/rafaelquino.com\/#website\",\"url\":\"https:\/\/rafaelquino.com\/\",\"name\":\"RAFAELQUINO.COM\",\"description\":\"CERRAJERIA RAFAEL QUINO E HIJOS\",\"publisher\":{\"@id\":\"https:\/\/rafaelquino.com\/#organization\"},\"potentialAction\":[{\"@type\":\"SearchAction\",\"target\":{\"@type\":\"EntryPoint\",\"urlTemplate\":\"https:\/\/rafaelquino.com\/?s={search_term_string}\"},\"query-input\":{\"@type\":\"PropertyValueSpecification\",\"valueRequired\":true,\"valueName\":\"search_term_string\"}}],\"inLanguage\":\"es\"},{\"@type\":\"Organization\",\"@id\":\"https:\/\/rafaelquino.com\/#organization\",\"name\":\"CERRAJERIA RAFAEL QUINO E HIJOS\",\"url\":\"https:\/\/rafaelquino.com\/\",\"logo\":{\"@type\":\"ImageObject\",\"inLanguage\":\"es\",\"@id\":\"https:\/\/rafaelquino.com\/#\/schema\/logo\/image\/\",\"url\":\"https:\/\/rafaelquino.com\/wp-content\/uploads\/2025\/02\/LOGO-QUINO-E-HIJOS.png\",\"contentUrl\":\"https:\/\/rafaelquino.com\/wp-content\/uploads\/2025\/02\/LOGO-QUINO-E-HIJOS.png\",\"width\":321,\"height\":258,\"caption\":\"CERRAJERIA RAFAEL QUINO E HIJOS\"},\"image\":{\"@id\":\"https:\/\/rafaelquino.com\/#\/schema\/logo\/image\/\"},\"sameAs\":[\"https:\/\/www.facebook.com\/rafael.puertasautomaticas\"]}]}<\/script>\n<!-- \/ Yoast SEO plugin. -->","yoast_head_json":{"title":"Aluminio y PVC - RAFAELQUINO.COM","robots":{"index":"index","follow":"follow","max-snippet":"max-snippet:-1","max-image-preview":"max-image-preview:large","max-video-preview":"max-video-preview:-1"},"canonical":"https:\/\/rafaelquino.com\/?page_id=149","og_locale":"es_ES","og_type":"article","og_title":"Aluminio y PVC - RAFAELQUINO.COM","og_description":"Trabajamos tanto con clientes particulares como con empresas. Al disponer de instalaciones adecuadas, con certificados de calidad, somos capaces de adecuarnos ya se trate de proyectos grandes o peque\u00f1os. RAFAEL QUINO, ventanas de alta Eficiencia. Buscando la m\u00e1xima calidad. Buscamos innovaci\u00f3n en el dise\u00f1o y sobre todo el AHORRO ENERG\u00c9TICO. \u00abConsiga que su casa sea un Verdadero Hogar.\u00bb &#8211; Las ventanas son una de las partes m\u00e1s importantes de la vivienda.","og_url":"https:\/\/rafaelquino.com\/?page_id=149","og_site_name":"RAFAELQUINO.COM","article_publisher":"https:\/\/www.facebook.com\/rafael.puertasautomaticas","article_modified_time":"2026-03-18T18:06:55+00:00","og_image":[{"width":1600,"height":900,"url":"https:\/\/rafaelquino.com\/wp-content\/uploads\/2026\/03\/WhatsApp-Image-2025-12-12-at-11.52.57-2.jpeg","type":"image\/jpeg"}],"twitter_card":"summary_large_image","twitter_misc":{"Tiempo de lectura":"1 minuto"},"schema":{"@context":"https:\/\/schema.org","@graph":[{"@type":"WebPage","@id":"https:\/\/rafaelquino.com\/?page_id=149","url":"https:\/\/rafaelquino.com\/?page_id=149","name":"Aluminio y PVC - RAFAELQUINO.COM","isPartOf":{"@id":"https:\/\/rafaelquino.com\/#website"},"primaryImageOfPage":{"@id":"https:\/\/rafaelquino.com\/?page_id=149#primaryimage"},"image":{"@id":"https:\/\/rafaelquino.com\/?page_id=149#primaryimage"},"thumbnailUrl":"https:\/\/rafaelquino.com\/wp-content\/uploads\/2026\/03\/WhatsApp-Image-2025-12-12-at-11.52.57-2-300x169.jpeg","datePublished":"2017-09-12T11:02:35+00:00","dateModified":"2026-03-18T18:06:55+00:00","breadcrumb":{"@id":"https:\/\/rafaelquino.com\/?page_id=149#breadcrumb"},"inLanguage":"es","potentialAction":[{"@type":"ReadAction","target":["https:\/\/rafaelquino.com\/?page_id=149"]}]},{"@type":"ImageObject","inLanguage":"es","@id":"https:\/\/rafaelquino.com\/?page_id=149#primaryimage","url":"https:\/\/rafaelquino.com\/wp-content\/uploads\/2026\/03\/WhatsApp-Image-2025-12-12-at-11.52.57-2.jpeg","contentUrl":"https:\/\/rafaelquino.com\/wp-content\/uploads\/2026\/03\/WhatsApp-Image-2025-12-12-at-11.52.57-2.jpeg","width":1600,"height":900},{"@type":"BreadcrumbList","@id":"https:\/\/rafaelquino.com\/?page_id=149#breadcrumb","itemListElement":[{"@type":"ListItem","position":1,"name":"Portada","item":"https:\/\/rafaelquino.com\/"},{"@type":"ListItem","position":2,"name":"Aluminio y PVC"}]},{"@type":"WebSite","@id":"https:\/\/rafaelquino.com\/#website","url":"https:\/\/rafaelquino.com\/","name":"RAFAELQUINO.COM","description":"CERRAJERIA RAFAEL QUINO E HIJOS","publisher":{"@id":"https:\/\/rafaelquino.com\/#organization"},"potentialAction":[{"@type":"SearchAction","target":{"@type":"EntryPoint","urlTemplate":"https:\/\/rafaelquino.com\/?s={search_term_string}"},"query-input":{"@type":"PropertyValueSpecification","valueRequired":true,"valueName":"search_term_string"}}],"inLanguage":"es"},{"@type":"Organization","@id":"https:\/\/rafaelquino.com\/#organization","name":"CERRAJERIA RAFAEL QUINO E HIJOS","url":"https:\/\/rafaelquino.com\/","logo":{"@type":"ImageObject","inLanguage":"es","@id":"https:\/\/rafaelquino.com\/#\/schema\/logo\/image\/","url":"https:\/\/rafaelquino.com\/wp-content\/uploads\/2025\/02\/LOGO-QUINO-E-HIJOS.png","contentUrl":"https:\/\/rafaelquino.com\/wp-content\/uploads\/2025\/02\/LOGO-QUINO-E-HIJOS.png","width":321,"height":258,"caption":"CERRAJERIA RAFAEL QUINO E HIJOS"},"image":{"@id":"https:\/\/rafaelquino.com\/#\/schema\/logo\/image\/"},"sameAs":["https:\/\/www.facebook.com\/rafael.puertasautomaticas"]}]}},"_links":{"self":[{"href":"https:\/\/rafaelquino.com\/index.php?rest_route=\/wp\/v2\/pages\/149","targetHints":{"allow":["GET"]}}],"collection":[{"href":"https:\/\/rafaelquino.com\/index.php?rest_route=\/wp\/v2\/pages"}],"about":[{"href":"https:\/\/rafaelquino.com\/index.php?rest_route=\/wp\/v2\/types\/page"}],"author":[{"embeddable":true,"href":"https:\/\/rafaelquino.com\/index.php?rest_route=\/wp\/v2\/users\/1"}],"replies":[{"embeddable":true,"href":"https:\/\/rafaelquino.com\/index.php?rest_route=%2Fwp%2Fv2%2Fcomments&post=149"}],"version-history":[{"count":6,"href":"https:\/\/rafaelquino.com\/index.php?rest_route=\/wp\/v2\/pages\/149\/revisions"}],"predecessor-version":[{"id":428,"href":"https:\/\/rafaelquino.com\/index.php?rest_route=\/wp\/v2\/pages\/149\/revisions\/428"}],"wp:attachment":[{"href":"https:\/\/rafaelquino.com\/index.php?rest_route=%2Fwp%2Fv2%2Fmedia&parent=149"}],"curies":[{"name":"wp","href":"https:\/\/api.w.org\/{rel}","templated":true}]}}