{"id":140,"date":"2017-09-12T10:49:38","date_gmt":"2017-09-12T10:49:38","guid":{"rendered":"http:\/\/rafaelquino.com\/?page_id=140"},"modified":"2026-03-18T17:30:03","modified_gmt":"2026-03-18T17:30:03","slug":"cerramientos-terrazas","status":"publish","type":"page","link":"https:\/\/rafaelquino.com\/?page_id=140","title":{"rendered":"Terrazas"},"content":{"rendered":"<p><img loading=\"lazy\" decoding=\"async\" class=\"alignnone size-medium wp-image-401 alignleft\" src=\"https:\/\/rafaelquino.com\/wp-content\/uploads\/2026\/03\/WhatsApp-Image-2024-07-09-at-14.42.40-300x300.jpeg\" alt=\"\" width=\"300\" height=\"300\" srcset=\"https:\/\/rafaelquino.com\/wp-content\/uploads\/2026\/03\/WhatsApp-Image-2024-07-09-at-14.42.40-300x300.jpeg 300w, https:\/\/rafaelquino.com\/wp-content\/uploads\/2026\/03\/WhatsApp-Image-2024-07-09-at-14.42.40-1024x1024.jpeg 1024w, https:\/\/rafaelquino.com\/wp-content\/uploads\/2026\/03\/WhatsApp-Image-2024-07-09-at-14.42.40-150x150.jpeg 150w, https:\/\/rafaelquino.com\/wp-content\/uploads\/2026\/03\/WhatsApp-Image-2024-07-09-at-14.42.40-768x768.jpeg 768w, https:\/\/rafaelquino.com\/wp-content\/uploads\/2026\/03\/WhatsApp-Image-2024-07-09-at-14.42.40-100x100.jpeg 100w, https:\/\/rafaelquino.com\/wp-content\/uploads\/2026\/03\/WhatsApp-Image-2024-07-09-at-14.42.40-1536x1536.jpeg 1536w, https:\/\/rafaelquino.com\/wp-content\/uploads\/2026\/03\/WhatsApp-Image-2024-07-09-at-14.42.40.jpeg 2048w\" sizes=\"auto, (max-width: 300px) 100vw, 300px\" \/><\/p>\n<p style=\"text-align: left;\">Hoy en d\u00eda la utilizaci\u00f3n del vidrio como material est\u00e9tico es cada d\u00eda m\u00e1s popular entre los arquitectos y dise\u00f1adores ya que s\u00f3lo el vidrio re\u00fane los requerimientos de dise\u00f1o en la obra moderna altura, belleza, durabilidad y transparencia.<\/p>\n","protected":false},"excerpt":{"rendered":"<p>Hoy en d\u00eda la utilizaci\u00f3n del vidrio como material est\u00e9tico es cada d\u00eda m\u00e1s popular entre los arquitectos y dise\u00f1adores ya que s\u00f3lo el vidrio re\u00fane los requerimientos de dise\u00f1o en la obra moderna altura, belleza, durabilidad y transparencia.<\/p>\n","protected":false},"author":1,"featured_media":0,"parent":0,"menu_order":0,"comment_status":"closed","ping_status":"closed","template":"","meta":{"_uf_show_specific_survey":0,"_uf_disable_surveys":false,"footnotes":""},"class_list":["post-140","page","type-page","status-publish","hentry"],"yoast_head":"<!-- This site is optimized with the Yoast SEO plugin v27.1.1 - https:\/\/yoast.com\/product\/yoast-seo-wordpress\/ -->\n<title>Terrazas - RAFAELQUINO.COM<\/title>\n<meta name=\"robots\" content=\"index, follow, max-snippet:-1, max-image-preview:large, max-video-preview:-1\" \/>\n<link rel=\"canonical\" href=\"https:\/\/rafaelquino.com\/?page_id=140\" \/>\n<meta property=\"og:locale\" content=\"es_ES\" \/>\n<meta property=\"og:type\" content=\"article\" \/>\n<meta property=\"og:title\" content=\"Terrazas - RAFAELQUINO.COM\" \/>\n<meta property=\"og:description\" content=\"Hoy en d\u00eda la utilizaci\u00f3n del vidrio como material est\u00e9tico es cada d\u00eda m\u00e1s popular entre los arquitectos y dise\u00f1adores ya que s\u00f3lo el vidrio re\u00fane los requerimientos de dise\u00f1o en la obra moderna altura, belleza, durabilidad y transparencia.\" \/>\n<meta property=\"og:url\" content=\"https:\/\/rafaelquino.com\/?page_id=140\" \/>\n<meta property=\"og:site_name\" content=\"RAFAELQUINO.COM\" \/>\n<meta property=\"article:publisher\" content=\"https:\/\/www.facebook.com\/rafael.puertasautomaticas\" \/>\n<meta property=\"article:modified_time\" content=\"2026-03-18T17:30:03+00:00\" \/>\n<meta property=\"og:image\" content=\"https:\/\/rafaelquino.com\/wp-content\/uploads\/2026\/03\/WhatsApp-Image-2024-07-09-at-14.42.40.jpeg\" \/>\n\t<meta property=\"og:image:width\" content=\"2048\" \/>\n\t<meta property=\"og:image:height\" content=\"2048\" \/>\n\t<meta property=\"og:image:type\" content=\"image\/jpeg\" \/>\n<meta name=\"twitter:card\" content=\"summary_large_image\" \/>\n<meta name=\"twitter:label1\" content=\"Tiempo de lectura\" \/>\n\t<meta name=\"twitter:data1\" content=\"1 minuto\" \/>\n<script type=\"application\/ld+json\" class=\"yoast-schema-graph\">{\"@context\":\"https:\/\/schema.org\",\"@graph\":[{\"@type\":\"WebPage\",\"@id\":\"https:\/\/rafaelquino.com\/?page_id=140\",\"url\":\"https:\/\/rafaelquino.com\/?page_id=140\",\"name\":\"Terrazas - RAFAELQUINO.COM\",\"isPartOf\":{\"@id\":\"https:\/\/rafaelquino.com\/#website\"},\"primaryImageOfPage\":{\"@id\":\"https:\/\/rafaelquino.com\/?page_id=140#primaryimage\"},\"image\":{\"@id\":\"https:\/\/rafaelquino.com\/?page_id=140#primaryimage\"},\"thumbnailUrl\":\"https:\/\/rafaelquino.com\/wp-content\/uploads\/2026\/03\/WhatsApp-Image-2024-07-09-at-14.42.40-300x300.jpeg\",\"datePublished\":\"2017-09-12T10:49:38+00:00\",\"dateModified\":\"2026-03-18T17:30:03+00:00\",\"breadcrumb\":{\"@id\":\"https:\/\/rafaelquino.com\/?page_id=140#breadcrumb\"},\"inLanguage\":\"es\",\"potentialAction\":[{\"@type\":\"ReadAction\",\"target\":[\"https:\/\/rafaelquino.com\/?page_id=140\"]}]},{\"@type\":\"ImageObject\",\"inLanguage\":\"es\",\"@id\":\"https:\/\/rafaelquino.com\/?page_id=140#primaryimage\",\"url\":\"https:\/\/rafaelquino.com\/wp-content\/uploads\/2026\/03\/WhatsApp-Image-2024-07-09-at-14.42.40.jpeg\",\"contentUrl\":\"https:\/\/rafaelquino.com\/wp-content\/uploads\/2026\/03\/WhatsApp-Image-2024-07-09-at-14.42.40.jpeg\",\"width\":2048,\"height\":2048},{\"@type\":\"BreadcrumbList\",\"@id\":\"https:\/\/rafaelquino.com\/?page_id=140#breadcrumb\",\"itemListElement\":[{\"@type\":\"ListItem\",\"position\":1,\"name\":\"Portada\",\"item\":\"https:\/\/rafaelquino.com\/\"},{\"@type\":\"ListItem\",\"position\":2,\"name\":\"Terrazas\"}]},{\"@type\":\"WebSite\",\"@id\":\"https:\/\/rafaelquino.com\/#website\",\"url\":\"https:\/\/rafaelquino.com\/\",\"name\":\"RAFAELQUINO.COM\",\"description\":\"CERRAJERIA RAFAEL QUINO E HIJOS\",\"publisher\":{\"@id\":\"https:\/\/rafaelquino.com\/#organization\"},\"potentialAction\":[{\"@type\":\"SearchAction\",\"target\":{\"@type\":\"EntryPoint\",\"urlTemplate\":\"https:\/\/rafaelquino.com\/?s={search_term_string}\"},\"query-input\":{\"@type\":\"PropertyValueSpecification\",\"valueRequired\":true,\"valueName\":\"search_term_string\"}}],\"inLanguage\":\"es\"},{\"@type\":\"Organization\",\"@id\":\"https:\/\/rafaelquino.com\/#organization\",\"name\":\"CERRAJERIA RAFAEL QUINO E HIJOS\",\"url\":\"https:\/\/rafaelquino.com\/\",\"logo\":{\"@type\":\"ImageObject\",\"inLanguage\":\"es\",\"@id\":\"https:\/\/rafaelquino.com\/#\/schema\/logo\/image\/\",\"url\":\"https:\/\/rafaelquino.com\/wp-content\/uploads\/2025\/02\/LOGO-QUINO-E-HIJOS.png\",\"contentUrl\":\"https:\/\/rafaelquino.com\/wp-content\/uploads\/2025\/02\/LOGO-QUINO-E-HIJOS.png\",\"width\":321,\"height\":258,\"caption\":\"CERRAJERIA RAFAEL QUINO E HIJOS\"},\"image\":{\"@id\":\"https:\/\/rafaelquino.com\/#\/schema\/logo\/image\/\"},\"sameAs\":[\"https:\/\/www.facebook.com\/rafael.puertasautomaticas\"]}]}<\/script>\n<!-- \/ Yoast SEO plugin. -->","yoast_head_json":{"title":"Terrazas - RAFAELQUINO.COM","robots":{"index":"index","follow":"follow","max-snippet":"max-snippet:-1","max-image-preview":"max-image-preview:large","max-video-preview":"max-video-preview:-1"},"canonical":"https:\/\/rafaelquino.com\/?page_id=140","og_locale":"es_ES","og_type":"article","og_title":"Terrazas - RAFAELQUINO.COM","og_description":"Hoy en d\u00eda la utilizaci\u00f3n del vidrio como material est\u00e9tico es cada d\u00eda m\u00e1s popular entre los arquitectos y dise\u00f1adores ya que s\u00f3lo el vidrio re\u00fane los requerimientos de dise\u00f1o en la obra moderna altura, belleza, durabilidad y transparencia.","og_url":"https:\/\/rafaelquino.com\/?page_id=140","og_site_name":"RAFAELQUINO.COM","article_publisher":"https:\/\/www.facebook.com\/rafael.puertasautomaticas","article_modified_time":"2026-03-18T17:30:03+00:00","og_image":[{"width":2048,"height":2048,"url":"https:\/\/rafaelquino.com\/wp-content\/uploads\/2026\/03\/WhatsApp-Image-2024-07-09-at-14.42.40.jpeg","type":"image\/jpeg"}],"twitter_card":"summary_large_image","twitter_misc":{"Tiempo de lectura":"1 minuto"},"schema":{"@context":"https:\/\/schema.org","@graph":[{"@type":"WebPage","@id":"https:\/\/rafaelquino.com\/?page_id=140","url":"https:\/\/rafaelquino.com\/?page_id=140","name":"Terrazas - RAFAELQUINO.COM","isPartOf":{"@id":"https:\/\/rafaelquino.com\/#website"},"primaryImageOfPage":{"@id":"https:\/\/rafaelquino.com\/?page_id=140#primaryimage"},"image":{"@id":"https:\/\/rafaelquino.com\/?page_id=140#primaryimage"},"thumbnailUrl":"https:\/\/rafaelquino.com\/wp-content\/uploads\/2026\/03\/WhatsApp-Image-2024-07-09-at-14.42.40-300x300.jpeg","datePublished":"2017-09-12T10:49:38+00:00","dateModified":"2026-03-18T17:30:03+00:00","breadcrumb":{"@id":"https:\/\/rafaelquino.com\/?page_id=140#breadcrumb"},"inLanguage":"es","potentialAction":[{"@type":"ReadAction","target":["https:\/\/rafaelquino.com\/?page_id=140"]}]},{"@type":"ImageObject","inLanguage":"es","@id":"https:\/\/rafaelquino.com\/?page_id=140#primaryimage","url":"https:\/\/rafaelquino.com\/wp-content\/uploads\/2026\/03\/WhatsApp-Image-2024-07-09-at-14.42.40.jpeg","contentUrl":"https:\/\/rafaelquino.com\/wp-content\/uploads\/2026\/03\/WhatsApp-Image-2024-07-09-at-14.42.40.jpeg","width":2048,"height":2048},{"@type":"BreadcrumbList","@id":"https:\/\/rafaelquino.com\/?page_id=140#breadcrumb","itemListElement":[{"@type":"ListItem","position":1,"name":"Portada","item":"https:\/\/rafaelquino.com\/"},{"@type":"ListItem","position":2,"name":"Terrazas"}]},{"@type":"WebSite","@id":"https:\/\/rafaelquino.com\/#website","url":"https:\/\/rafaelquino.com\/","name":"RAFAELQUINO.COM","description":"CERRAJERIA RAFAEL QUINO E HIJOS","publisher":{"@id":"https:\/\/rafaelquino.com\/#organization"},"potentialAction":[{"@type":"SearchAction","target":{"@type":"EntryPoint","urlTemplate":"https:\/\/rafaelquino.com\/?s={search_term_string}"},"query-input":{"@type":"PropertyValueSpecification","valueRequired":true,"valueName":"search_term_string"}}],"inLanguage":"es"},{"@type":"Organization","@id":"https:\/\/rafaelquino.com\/#organization","name":"CERRAJERIA RAFAEL QUINO E HIJOS","url":"https:\/\/rafaelquino.com\/","logo":{"@type":"ImageObject","inLanguage":"es","@id":"https:\/\/rafaelquino.com\/#\/schema\/logo\/image\/","url":"https:\/\/rafaelquino.com\/wp-content\/uploads\/2025\/02\/LOGO-QUINO-E-HIJOS.png","contentUrl":"https:\/\/rafaelquino.com\/wp-content\/uploads\/2025\/02\/LOGO-QUINO-E-HIJOS.png","width":321,"height":258,"caption":"CERRAJERIA RAFAEL QUINO E HIJOS"},"image":{"@id":"https:\/\/rafaelquino.com\/#\/schema\/logo\/image\/"},"sameAs":["https:\/\/www.facebook.com\/rafael.puertasautomaticas"]}]}},"_links":{"self":[{"href":"https:\/\/rafaelquino.com\/index.php?rest_route=\/wp\/v2\/pages\/140","targetHints":{"allow":["GET"]}}],"collection":[{"href":"https:\/\/rafaelquino.com\/index.php?rest_route=\/wp\/v2\/pages"}],"about":[{"href":"https:\/\/rafaelquino.com\/index.php?rest_route=\/wp\/v2\/types\/page"}],"author":[{"embeddable":true,"href":"https:\/\/rafaelquino.com\/index.php?rest_route=\/wp\/v2\/users\/1"}],"replies":[{"embeddable":true,"href":"https:\/\/rafaelquino.com\/index.php?rest_route=%2Fwp%2Fv2%2Fcomments&post=140"}],"version-history":[{"count":7,"href":"https:\/\/rafaelquino.com\/index.php?rest_route=\/wp\/v2\/pages\/140\/revisions"}],"predecessor-version":[{"id":421,"href":"https:\/\/rafaelquino.com\/index.php?rest_route=\/wp\/v2\/pages\/140\/revisions\/421"}],"wp:attachment":[{"href":"https:\/\/rafaelquino.com\/index.php?rest_route=%2Fwp%2Fv2%2Fmedia&parent=140"}],"curies":[{"name":"wp","href":"https:\/\/api.w.org\/{rel}","templated":true}]}}