{"id":12,"date":"2017-09-05T17:25:56","date_gmt":"2017-09-05T17:25:56","guid":{"rendered":"http:\/\/rafaelquino.com\/wordpress\/?page_id=12"},"modified":"2026-03-18T17:27:31","modified_gmt":"2026-03-18T17:27:31","slug":"pvc-y-acero-inoxidable","status":"publish","type":"page","link":"https:\/\/rafaelquino.com\/?page_id=12","title":{"rendered":"Cerrajer\u00eda General"},"content":{"rendered":"<div class=\"entry-content\">\n<p><img loading=\"lazy\" decoding=\"async\" class=\"alignnone size-medium wp-image-409 alignleft\" src=\"https:\/\/rafaelquino.com\/wp-content\/uploads\/2026\/03\/WhatsApp-Image-2025-11-07-at-12.36.42-173x300.jpeg\" alt=\"\" width=\"173\" height=\"300\" srcset=\"https:\/\/rafaelquino.com\/wp-content\/uploads\/2026\/03\/WhatsApp-Image-2025-11-07-at-12.36.42-173x300.jpeg 173w, https:\/\/rafaelquino.com\/wp-content\/uploads\/2026\/03\/WhatsApp-Image-2025-11-07-at-12.36.42-591x1024.jpeg 591w, https:\/\/rafaelquino.com\/wp-content\/uploads\/2026\/03\/WhatsApp-Image-2025-11-07-at-12.36.42-768x1330.jpeg 768w, https:\/\/rafaelquino.com\/wp-content\/uploads\/2026\/03\/WhatsApp-Image-2025-11-07-at-12.36.42-100x173.jpeg 100w, https:\/\/rafaelquino.com\/wp-content\/uploads\/2026\/03\/WhatsApp-Image-2025-11-07-at-12.36.42-887x1536.jpeg 887w, https:\/\/rafaelquino.com\/wp-content\/uploads\/2026\/03\/WhatsApp-Image-2025-11-07-at-12.36.42.jpeg 924w\" sizes=\"auto, (max-width: 173px) 100vw, 173px\" \/><\/p>\n<p style=\"text-align: left;\">Una calidad de primer orden y los materiales m\u00e1s selectos. Seg\u00fan sus necesidades, trabajamos el\u00a0<span class=\"text-azulillo\"><strong><u>el aluminio, el acero inoxidable y la forja<\/u><\/strong><\/span>. Todos nuestros encargos los realizamos a un precio justo.<\/p>\n<div>\n<div align=\"justify\">\n<p style=\"text-align: left;\">Trabajamos tanto con clientes particulares como con empresas. Al disponer de instalaciones adecuadas, con certificados de calidad, somos capaces de adecuarnos ya se trate de proyectos grandes o peque\u00f1os.<\/p>\n<p style=\"text-align: left;\">Ofrecemos persianas enrollables de hierro y aluminio, automaticas y manuales. As\u00ed como tambien portones residenciales, de dise\u00f1o, forjados, rejas, barandillas de escaleras, trabajos de\u00a0<span class=\"text-azulillo\"><strong><u>FRAGUA<\/u><\/strong><\/span>, rejas macizas, cancelas de protecci\u00f3n, port\u00f3n de entrada macizo y\u00a0<span class=\"text-azulillo\"><strong><u>escaleras de caracol<\/u><\/strong><\/span>\u00a0(fundidas y premontadas), etc.<\/p>\n<\/div>\n<\/div>\n<\/div>\n<footer class=\"entry-footer\"><\/footer>\n","protected":false},"excerpt":{"rendered":"<p>Una calidad de primer orden y los materiales m\u00e1s selectos. Seg\u00fan sus necesidades, trabajamos el\u00a0el aluminio, el acero inoxidable y la forja. Todos nuestros encargos los realizamos a un precio justo. Trabajamos tanto con clientes particulares como con empresas. Al disponer de instalaciones adecuadas, con certificados de calidad, somos capaces de adecuarnos ya se trate de proyectos grandes o peque\u00f1os. Ofrecemos persianas enrollables de hierro y aluminio, automaticas y manuales. As\u00ed como tambien portones residenciales, de dise\u00f1o, forjados, rejas, barandillas de escaleras, trabajos de\u00a0FRAGUA, rejas macizas, cancelas de protecci\u00f3n, port\u00f3n&hellip;<\/p>\n","protected":false},"author":1,"featured_media":409,"parent":0,"menu_order":0,"comment_status":"closed","ping_status":"closed","template":"","meta":{"_uf_show_specific_survey":0,"_uf_disable_surveys":false,"footnotes":""},"class_list":["post-12","page","type-page","status-publish","has-post-thumbnail","hentry"],"yoast_head":"<!-- This site is optimized with the Yoast SEO plugin v27.1.1 - https:\/\/yoast.com\/product\/yoast-seo-wordpress\/ -->\n<title>Cerrajer\u00eda General - RAFAELQUINO.COM<\/title>\n<meta name=\"robots\" content=\"index, follow, max-snippet:-1, max-image-preview:large, max-video-preview:-1\" \/>\n<link rel=\"canonical\" href=\"https:\/\/rafaelquino.com\/?page_id=12\" \/>\n<meta property=\"og:locale\" content=\"es_ES\" \/>\n<meta property=\"og:type\" content=\"article\" \/>\n<meta property=\"og:title\" content=\"Cerrajer\u00eda General - RAFAELQUINO.COM\" \/>\n<meta property=\"og:description\" content=\"Una calidad de primer orden y los materiales m\u00e1s selectos. Seg\u00fan sus necesidades, trabajamos el\u00a0el aluminio, el acero inoxidable y la forja. Todos nuestros encargos los realizamos a un precio justo. Trabajamos tanto con clientes particulares como con empresas. Al disponer de instalaciones adecuadas, con certificados de calidad, somos capaces de adecuarnos ya se trate de proyectos grandes o peque\u00f1os. Ofrecemos persianas enrollables de hierro y aluminio, automaticas y manuales. As\u00ed como tambien portones residenciales, de dise\u00f1o, forjados, rejas, barandillas de escaleras, trabajos de\u00a0FRAGUA, rejas macizas, cancelas de protecci\u00f3n, port\u00f3n&hellip;\" \/>\n<meta property=\"og:url\" content=\"https:\/\/rafaelquino.com\/?page_id=12\" \/>\n<meta property=\"og:site_name\" content=\"RAFAELQUINO.COM\" \/>\n<meta property=\"article:publisher\" content=\"https:\/\/www.facebook.com\/rafael.puertasautomaticas\" \/>\n<meta property=\"article:modified_time\" content=\"2026-03-18T17:27:31+00:00\" \/>\n<meta property=\"og:image\" content=\"https:\/\/rafaelquino.com\/wp-content\/uploads\/2026\/03\/WhatsApp-Image-2025-11-07-at-12.36.42.jpeg\" \/>\n\t<meta property=\"og:image:width\" content=\"924\" \/>\n\t<meta property=\"og:image:height\" content=\"1600\" \/>\n\t<meta property=\"og:image:type\" content=\"image\/jpeg\" \/>\n<meta name=\"twitter:card\" content=\"summary_large_image\" \/>\n<meta name=\"twitter:label1\" content=\"Tiempo de lectura\" \/>\n\t<meta name=\"twitter:data1\" content=\"1 minuto\" \/>\n<script type=\"application\/ld+json\" class=\"yoast-schema-graph\">{\"@context\":\"https:\/\/schema.org\",\"@graph\":[{\"@type\":\"WebPage\",\"@id\":\"https:\/\/rafaelquino.com\/?page_id=12\",\"url\":\"https:\/\/rafaelquino.com\/?page_id=12\",\"name\":\"Cerrajer\u00eda General - RAFAELQUINO.COM\",\"isPartOf\":{\"@id\":\"https:\/\/rafaelquino.com\/#website\"},\"primaryImageOfPage\":{\"@id\":\"https:\/\/rafaelquino.com\/?page_id=12#primaryimage\"},\"image\":{\"@id\":\"https:\/\/rafaelquino.com\/?page_id=12#primaryimage\"},\"thumbnailUrl\":\"https:\/\/rafaelquino.com\/wp-content\/uploads\/2026\/03\/WhatsApp-Image-2025-11-07-at-12.36.42.jpeg\",\"datePublished\":\"2017-09-05T17:25:56+00:00\",\"dateModified\":\"2026-03-18T17:27:31+00:00\",\"breadcrumb\":{\"@id\":\"https:\/\/rafaelquino.com\/?page_id=12#breadcrumb\"},\"inLanguage\":\"es\",\"potentialAction\":[{\"@type\":\"ReadAction\",\"target\":[\"https:\/\/rafaelquino.com\/?page_id=12\"]}]},{\"@type\":\"ImageObject\",\"inLanguage\":\"es\",\"@id\":\"https:\/\/rafaelquino.com\/?page_id=12#primaryimage\",\"url\":\"https:\/\/rafaelquino.com\/wp-content\/uploads\/2026\/03\/WhatsApp-Image-2025-11-07-at-12.36.42.jpeg\",\"contentUrl\":\"https:\/\/rafaelquino.com\/wp-content\/uploads\/2026\/03\/WhatsApp-Image-2025-11-07-at-12.36.42.jpeg\",\"width\":924,\"height\":1600},{\"@type\":\"BreadcrumbList\",\"@id\":\"https:\/\/rafaelquino.com\/?page_id=12#breadcrumb\",\"itemListElement\":[{\"@type\":\"ListItem\",\"position\":1,\"name\":\"Portada\",\"item\":\"https:\/\/rafaelquino.com\/\"},{\"@type\":\"ListItem\",\"position\":2,\"name\":\"Cerrajer\u00eda General\"}]},{\"@type\":\"WebSite\",\"@id\":\"https:\/\/rafaelquino.com\/#website\",\"url\":\"https:\/\/rafaelquino.com\/\",\"name\":\"RAFAELQUINO.COM\",\"description\":\"CERRAJERIA RAFAEL QUINO E HIJOS\",\"publisher\":{\"@id\":\"https:\/\/rafaelquino.com\/#organization\"},\"potentialAction\":[{\"@type\":\"SearchAction\",\"target\":{\"@type\":\"EntryPoint\",\"urlTemplate\":\"https:\/\/rafaelquino.com\/?s={search_term_string}\"},\"query-input\":{\"@type\":\"PropertyValueSpecification\",\"valueRequired\":true,\"valueName\":\"search_term_string\"}}],\"inLanguage\":\"es\"},{\"@type\":\"Organization\",\"@id\":\"https:\/\/rafaelquino.com\/#organization\",\"name\":\"CERRAJERIA RAFAEL QUINO E HIJOS\",\"url\":\"https:\/\/rafaelquino.com\/\",\"logo\":{\"@type\":\"ImageObject\",\"inLanguage\":\"es\",\"@id\":\"https:\/\/rafaelquino.com\/#\/schema\/logo\/image\/\",\"url\":\"https:\/\/rafaelquino.com\/wp-content\/uploads\/2025\/02\/LOGO-QUINO-E-HIJOS.png\",\"contentUrl\":\"https:\/\/rafaelquino.com\/wp-content\/uploads\/2025\/02\/LOGO-QUINO-E-HIJOS.png\",\"width\":321,\"height\":258,\"caption\":\"CERRAJERIA RAFAEL QUINO E HIJOS\"},\"image\":{\"@id\":\"https:\/\/rafaelquino.com\/#\/schema\/logo\/image\/\"},\"sameAs\":[\"https:\/\/www.facebook.com\/rafael.puertasautomaticas\"]}]}<\/script>\n<!-- \/ Yoast SEO plugin. -->","yoast_head_json":{"title":"Cerrajer\u00eda General - RAFAELQUINO.COM","robots":{"index":"index","follow":"follow","max-snippet":"max-snippet:-1","max-image-preview":"max-image-preview:large","max-video-preview":"max-video-preview:-1"},"canonical":"https:\/\/rafaelquino.com\/?page_id=12","og_locale":"es_ES","og_type":"article","og_title":"Cerrajer\u00eda General - RAFAELQUINO.COM","og_description":"Una calidad de primer orden y los materiales m\u00e1s selectos. Seg\u00fan sus necesidades, trabajamos el\u00a0el aluminio, el acero inoxidable y la forja. Todos nuestros encargos los realizamos a un precio justo. Trabajamos tanto con clientes particulares como con empresas. Al disponer de instalaciones adecuadas, con certificados de calidad, somos capaces de adecuarnos ya se trate de proyectos grandes o peque\u00f1os. Ofrecemos persianas enrollables de hierro y aluminio, automaticas y manuales. As\u00ed como tambien portones residenciales, de dise\u00f1o, forjados, rejas, barandillas de escaleras, trabajos de\u00a0FRAGUA, rejas macizas, cancelas de protecci\u00f3n, port\u00f3n&hellip;","og_url":"https:\/\/rafaelquino.com\/?page_id=12","og_site_name":"RAFAELQUINO.COM","article_publisher":"https:\/\/www.facebook.com\/rafael.puertasautomaticas","article_modified_time":"2026-03-18T17:27:31+00:00","og_image":[{"width":924,"height":1600,"url":"https:\/\/rafaelquino.com\/wp-content\/uploads\/2026\/03\/WhatsApp-Image-2025-11-07-at-12.36.42.jpeg","type":"image\/jpeg"}],"twitter_card":"summary_large_image","twitter_misc":{"Tiempo de lectura":"1 minuto"},"schema":{"@context":"https:\/\/schema.org","@graph":[{"@type":"WebPage","@id":"https:\/\/rafaelquino.com\/?page_id=12","url":"https:\/\/rafaelquino.com\/?page_id=12","name":"Cerrajer\u00eda General - RAFAELQUINO.COM","isPartOf":{"@id":"https:\/\/rafaelquino.com\/#website"},"primaryImageOfPage":{"@id":"https:\/\/rafaelquino.com\/?page_id=12#primaryimage"},"image":{"@id":"https:\/\/rafaelquino.com\/?page_id=12#primaryimage"},"thumbnailUrl":"https:\/\/rafaelquino.com\/wp-content\/uploads\/2026\/03\/WhatsApp-Image-2025-11-07-at-12.36.42.jpeg","datePublished":"2017-09-05T17:25:56+00:00","dateModified":"2026-03-18T17:27:31+00:00","breadcrumb":{"@id":"https:\/\/rafaelquino.com\/?page_id=12#breadcrumb"},"inLanguage":"es","potentialAction":[{"@type":"ReadAction","target":["https:\/\/rafaelquino.com\/?page_id=12"]}]},{"@type":"ImageObject","inLanguage":"es","@id":"https:\/\/rafaelquino.com\/?page_id=12#primaryimage","url":"https:\/\/rafaelquino.com\/wp-content\/uploads\/2026\/03\/WhatsApp-Image-2025-11-07-at-12.36.42.jpeg","contentUrl":"https:\/\/rafaelquino.com\/wp-content\/uploads\/2026\/03\/WhatsApp-Image-2025-11-07-at-12.36.42.jpeg","width":924,"height":1600},{"@type":"BreadcrumbList","@id":"https:\/\/rafaelquino.com\/?page_id=12#breadcrumb","itemListElement":[{"@type":"ListItem","position":1,"name":"Portada","item":"https:\/\/rafaelquino.com\/"},{"@type":"ListItem","position":2,"name":"Cerrajer\u00eda General"}]},{"@type":"WebSite","@id":"https:\/\/rafaelquino.com\/#website","url":"https:\/\/rafaelquino.com\/","name":"RAFAELQUINO.COM","description":"CERRAJERIA RAFAEL QUINO E HIJOS","publisher":{"@id":"https:\/\/rafaelquino.com\/#organization"},"potentialAction":[{"@type":"SearchAction","target":{"@type":"EntryPoint","urlTemplate":"https:\/\/rafaelquino.com\/?s={search_term_string}"},"query-input":{"@type":"PropertyValueSpecification","valueRequired":true,"valueName":"search_term_string"}}],"inLanguage":"es"},{"@type":"Organization","@id":"https:\/\/rafaelquino.com\/#organization","name":"CERRAJERIA RAFAEL QUINO E HIJOS","url":"https:\/\/rafaelquino.com\/","logo":{"@type":"ImageObject","inLanguage":"es","@id":"https:\/\/rafaelquino.com\/#\/schema\/logo\/image\/","url":"https:\/\/rafaelquino.com\/wp-content\/uploads\/2025\/02\/LOGO-QUINO-E-HIJOS.png","contentUrl":"https:\/\/rafaelquino.com\/wp-content\/uploads\/2025\/02\/LOGO-QUINO-E-HIJOS.png","width":321,"height":258,"caption":"CERRAJERIA RAFAEL QUINO E HIJOS"},"image":{"@id":"https:\/\/rafaelquino.com\/#\/schema\/logo\/image\/"},"sameAs":["https:\/\/www.facebook.com\/rafael.puertasautomaticas"]}]}},"_links":{"self":[{"href":"https:\/\/rafaelquino.com\/index.php?rest_route=\/wp\/v2\/pages\/12","targetHints":{"allow":["GET"]}}],"collection":[{"href":"https:\/\/rafaelquino.com\/index.php?rest_route=\/wp\/v2\/pages"}],"about":[{"href":"https:\/\/rafaelquino.com\/index.php?rest_route=\/wp\/v2\/types\/page"}],"author":[{"embeddable":true,"href":"https:\/\/rafaelquino.com\/index.php?rest_route=\/wp\/v2\/users\/1"}],"replies":[{"embeddable":true,"href":"https:\/\/rafaelquino.com\/index.php?rest_route=%2Fwp%2Fv2%2Fcomments&post=12"}],"version-history":[{"count":9,"href":"https:\/\/rafaelquino.com\/index.php?rest_route=\/wp\/v2\/pages\/12\/revisions"}],"predecessor-version":[{"id":419,"href":"https:\/\/rafaelquino.com\/index.php?rest_route=\/wp\/v2\/pages\/12\/revisions\/419"}],"wp:featuredmedia":[{"embeddable":true,"href":"https:\/\/rafaelquino.com\/index.php?rest_route=\/wp\/v2\/media\/409"}],"wp:attachment":[{"href":"https:\/\/rafaelquino.com\/index.php?rest_route=%2Fwp%2Fv2%2Fmedia&parent=12"}],"curies":[{"name":"wp","href":"https:\/\/api.w.org\/{rel}","templated":true}]}}